{"id":84,"date":"2024-08-19T13:31:39","date_gmt":"2024-08-19T11:31:39","guid":{"rendered":"https:\/\/simplyimmo.de\/?page_id=84"},"modified":"2024-08-20T10:50:40","modified_gmt":"2024-08-20T08:50:40","slug":"impressum","status":"publish","type":"page","link":"https:\/\/simplyimmo.de\/blog\/impressum\/","title":{"rendered":"Impressum"},"content":{"rendered":"<div class=\"style-350 style-local-84-c1 position-relative\" data-colibri-id=\"84-c1\">\n<div id=\"contact\" class=\"h-section h-section-global-spacing d-flex align-items-lg-center align-items-md-center align-items-center style-358 style-local-84-c2 position-relative\" data-colibri-component=\"section\" data-colibri-id=\"84-c2\">\n<div class=\"background-wrapper\">\n<div class=\"background-layer background-layer-media-container-lg\">\n<div class=\"overlay-layer\">\n<div class=\"overlay-image-layer\" style=\"background-color: #17252a; opacity: 0.5;\">\u00a0<\/div>\n<\/div>\n<\/div>\n<div class=\"background-layer background-layer-media-container-md\">\n<div class=\"overlay-layer\">\n<div class=\"overlay-image-layer\" style=\"background-color: #17252a; opacity: 0.5;\">\u00a0<\/div>\n<\/div>\n<\/div>\n<div class=\"background-layer background-layer-media-container\">\n<div class=\"overlay-layer\">\n<div class=\"overlay-image-layer\" style=\"background-color: #17252a; opacity: 0.5;\">\u00a0<\/div>\n<\/div>\n<\/div>\n<\/div>\n<p>\u00a0<\/p>\n<div class=\"h-section-grid-container h-section-boxed-container\">\n<div class=\"h-row-container gutters-row-lg-2 gutters-row-md-2 gutters-row-2 gutters-row-v-lg-2 gutters-row-v-md-2 gutters-row-v-2 style-359 style-local-84-c3 position-relative\" data-colibri-id=\"84-c3\">\n<div class=\"h-row justify-content-lg-center justify-content-md-center justify-content-center align-items-lg-stretch align-items-md-stretch align-items-stretch gutters-col-lg-2 gutters-col-md-2 gutters-col-2 gutters-col-v-lg-2 gutters-col-v-md-2 gutters-col-v-2\">\n<div class=\"h-column h-column-container d-flex h-col-lg-auto h-col-md-auto h-col-auto style-360-outer style-local-84-c4-outer\">\n<div class=\"d-flex h-flex-basis h-column__inner h-px-lg-0 h-px-md-0 h-px-0 v-inner-lg-0 v-inner-md-0 v-inner-0 style-360 style-local-84-c4 position-relative\" data-colibri-id=\"84-c4\"><br \/>\n<div class=\"w-100 h-y-container h-column__content h-column__v-align flex-basis-100 align-self-lg-start align-self-md-start align-self-start\">\n<div class=\"h-row-container gutters-row-lg-0 gutters-row-md-0 gutters-row-0 gutters-row-v-lg-0 gutters-row-v-md-0 gutters-row-v-0 style-361 style-local-84-c5 position-relative\" data-colibri-id=\"84-c5\">\n<div class=\"h-row justify-content-lg-center justify-content-md-center justify-content-center align-items-lg-stretch align-items-md-stretch align-items-stretch gutters-col-lg-0 gutters-col-md-0 gutters-col-0 gutters-col-v-lg-0 gutters-col-v-md-0 gutters-col-v-0\">\n<div class=\"h-column h-column-container d-flex h-col-lg-auto h-col-md-auto h-col-auto style-362-outer style-local-84-c6-outer\">\n<div class=\"d-flex h-flex-basis h-column__inner h-px-lg-0 h-px-md-0 h-px-0 v-inner-lg-0 v-inner-md-0 v-inner-0 style-362 style-local-84-c6 position-relative\" data-colibri-id=\"84-c6\"><br \/>\n<div class=\"w-100 h-y-container h-column__content h-column__v-align flex-basis-100 align-self-lg-center align-self-md-center align-self-center\">\n<div class=\"h-global-transition-all h-heading style-363 style-local-84-c7 position-relative h-element\" data-colibri-id=\"84-c7\">\n<div class=\"h-heading__outer style-363 style-local-84-c7\"><br \/>\n<h4 class=\"\">Kontakt<\/h4>\n<\/div>\n<\/div>\n<div class=\"h-icon style-364 style-local-84-c8 position-relative h-element\" data-colibri-id=\"84-c8\"><span class=\"h-svg-icon h-icon__icon style-364-icon style-local-84-c8-icon\"><!--Icon by Icons8 Line Awesome (https:\/\/icons8.com\/line-awesome)--><\/span><\/div>\n<div class=\"h-global-transition-all h-heading style-365 style-local-84-c9 position-relative h-element\" data-colibri-id=\"84-c9\"><br \/>\n<div class=\"h-heading__outer style-365 style-local-84-c9\"><br \/>\n<h5 class=\"\">Schreib uns Dein Anliegen<\/h5>\n<\/div>\n<\/div>\n<div class=\"style-366 style-local-84-c10 position-relative h-element\" data-colibri-id=\"84-c10\">\n<div class=\"d-flex flex-wrap h-social-icons justify-content-lg-center justify-content-md-center justify-content-center\">\n<div class=\"social-icon-container d-inline-flex\">\n<div class=\"icon-container h-social-icon h-global-transition\">\n<div class=\"h-icon-svg\" style=\"width: 100%; height: 100%;\"><!--Icon by Font Awesome (https:\/\/fontawesome.com)--><\/div>\n<\/div>\n<\/div>\n<div class=\"social-icon-container d-inline-flex\">\n<div class=\"icon-container h-social-icon h-global-transition\">\n<div class=\"h-icon-svg\" style=\"width: 100%; height: 100%;\"><!--Icon by Font Awesome (https:\/\/fontawesome.com)--><\/div>\n<\/div>\n<\/div>\n<div class=\"social-icon-container d-inline-flex\">\n<div class=\"icon-container h-social-icon h-global-transition\">\n<div class=\"h-icon-svg\" style=\"width: 100%; height: 100%;\"><!--Icon by Font Awesome (https:\/\/fontawesome.com)--><\/div>\n<\/div>\n<\/div>\n<div class=\"social-icon-container d-inline-flex\">\n<div class=\"icon-container h-social-icon h-global-transition\">\n<div class=\"h-icon-svg\" style=\"width: 100%; height: 100%;\"><!--Icon by Font Awesome (https:\/\/fontawesome.com)--><\/div>\n<\/div>\n<\/div>\n<\/div>\n<\/div>\n<\/div>\n<\/div>\n<\/div>\n<div class=\"h-column h-column-container d-flex h-col-lg-auto h-col-md-auto h-col-auto style-367-outer style-local-84-c11-outer\">\n<div class=\"d-flex h-flex-basis h-column__inner h-px-lg-0 h-px-md-0 h-px-0 v-inner-lg-0 v-inner-md-0 v-inner-0 style-367 style-local-84-c11 position-relative\" data-colibri-id=\"84-c11\"><br \/>\n<div class=\"w-100 h-y-container h-column__content h-column__v-align flex-basis-100 align-self-lg-center align-self-md-center align-self-center\">\n<div class=\"style-368 style-local-84-c12 position-relative h-element\" data-colibri-id=\"84-c12\">\n<div class=\"h-global-transition-all h-global-transition h-global-transition-all h-contact-form-shortcode\"><div style=\"display:none\" class=\"fm-form-container fm-theme1\"><div id=\"fm-pages6\" class=\"fm-pages wdform_page_navigation \" show_title=\"\" show_numbers=\"1\" type=\"none\"><\/div><form name=\"form6\" action=\"\/blog\/wp-json\/wp\/v2\/pages\/84\" method=\"post\" id=\"form6\" class=\"fm-form form6  \" enctype=\"multipart\/form-data\"><input type=\"hidden\" id=\"fm_page_id6\" value=\"84\" name=\"fm_page_id6\" \/><input type=\"hidden\" id=\"fm_current_post_type6\" value=\"page\" name=\"fm_current_post_type6\" \/><input type=\"hidden\" id=\"counter6\" value=\"6\" name=\"counter6\" \/><input type=\"hidden\" id=\"Itemid6\" value=\"\" name=\"Itemid6\" \/><input type=\"hidden\" id=\"fm_shake6\" value=\"1\" name=\"fm_shake6\" \/><input type=\"text\" class=\"fm-hide\" id=\"fm_empty_field_validation6\" value=\"\" name=\"fm_empty_field_validation6\" data-value=\"bd736efb144d599cf463541431fbf5c4\" \/><div class=\"wdform-page-and-images fm-form-builder\"><div id=\"6form_view1\" class=\"wdform_page\" page_title=\"Untitled page\" next_title=\"Next\" next_type=\"text\" next_class=\"wdform-page-button\" next_checkable=\"true\" previous_title=\"Previous\" previous_type=\"text\" previous_class=\"wdform-page-button\" previous_checkable=\"false\"><div class=\"wdform_section\"><div class=\"wdform_column\"><div wdid=\"2\" class=\"wdform_row\"><div type=\"type_text\" class=\"wdform-field wd-width-100 wd-flex wd-flex-column fm-type_text\" ><div class=\"wdform-label-section wd-width-100  wd-flex-row wd-align-items-center\">    <label  for=\"wdform_2_element6\" class=\"wdform-label\">Name<\/label><\/div><div class=\"wdform-element-section wd-flex  wd-flex-row wd-align-items-center wd-width-100\" ><input type=\"text\"                           class=\"wd-width-100\"                           id=\"wdform_2_element6\"                           name=\"wdform_2_element6\"                           value=\"\"                           data-value=\"\"                           title=\"\"                           placeholder=\"\"                                                       \/><\/div><\/div><\/div><\/div><div class=\"wdform_column\"><div wdid=\"3\" class=\"wdform_row\"><div type=\"type_submitter_mail\" class=\"wdform-field wd-width-100 wd-flex wd-flex-column fm-type_submitter_mail\" ><div class=\"wdform-label-section wd-width-100  wd-flex-row\">    <label  for=\"wdform_3_element6\" class=\"wdform-label\">Email<\/label><span class=\"wdform-required\">*<\/span><\/div><div class=\"wdform-element-section wd-flex  wd-flex-row wd-width-100\" ><input type=\"text\" class=\"wd-width-100\" id=\"wdform_3_element6\" name=\"wdform_3_element6\" data-value=\"\" value=\"\" title=\"\" placeholder=\"\"   onchange=\"wd_check_email('3', '6', 'Dies ist keine g\u00fcltige E-Mail-Adresse.')\" \/><\/div><\/div><\/div><\/div><div class=\"wdform_column\"><div wdid=\"5\" class=\"wdform_row\" style=\"position: relative; left: 0px; top: 0px;\"><div type=\"type_textarea\" class=\"wdform-field wd-width-100 wd-flex wd-flex-column fm-type_textarea\" ><div class=\"wdform-label-section wd-width-100 \">    <label  for=\"wdform_5_element6\" class=\"wdform-label\">Message<\/label><span class=\"wdform-required\">*<\/span><\/div><div class=\"wdform-element-section wd-flex  wd-width-100\" ><textarea class=\"wd-width-100\"                      id=\"wdform_5_element6\"                      name=\"wdform_5_element6\"                      placeholder=\"Wie k\u00f6nnen wir Ihnen helfen? Welche Tools ben\u00f6tigen Sie? Was finden Sie am Schwierigsten bei Hausverkauf? Was m\u00f6chten Sie uns mitteilen?\"                      data-value=\"\"                      maxlength=\"\"                      style=\"height: 100px;\"                      ><\/textarea><\/div><\/div><\/div><\/div><div class=\"wdform_column\"><div wdid=\"1\" class=\"wdform_row\"><div type=\"type_submit_reset\" class=\"wdform-field wd-width-100 wd-flex wd-flex-column fm-type_submit_reset\" ><div class=\"wdform-element-section wd-flex  wd-flex-row wd-justify-content-left wd-width-100\" ><button  type=\"button\" class=\"button-submit\" onclick=\"fm_submit_form('6');\"  data-ajax=\"0\"><span class=\"fm-submit-loading spinner fm-ico-spinner\"><\/span>Senden<\/button><button  type=\"button\" class=\"button-reset wd-hidden\" onclick=\"fm_reset_form(6);\" >Reset<\/button><\/div><\/div><\/div><\/div><\/div><div valign=\"top\" class=\"wdform_footer wd-width-100\"><div class=\"wd-width-100\"><div class=\"wd-width-100 wd-table\" style=\"padding-top:10px;\"><div class=\"wd-table-group\"><div id=\"6page_nav1\" class=\"wd-table-row\"><\/div><\/div><\/div><\/div><\/div><\/div><\/div><div class=\"wdform_preload\"><\/div><input type=\"hidden\" name=\"fm-current-page\" value=\"https:\/\/simplyimmo.de\/blog\/wp-json\/wp\/v2\/pages\/84\" \/><\/form><\/div><\/div>\n<\/div>\n<\/div>\n<\/div>\n<\/div>\n<\/div>\n<\/div>\n<\/div>\n<\/div>\n<\/div>\n<\/div>\n<\/div>\n<\/div>\n<\/div>\n<div id=\"initial-content\" class=\"h-section h-section-global-spacing d-flex align-items-lg-center align-items-md-center align-items-center style-351 style-local-84-c13 position-relative\" data-colibri-component=\"section\" data-colibri-id=\"84-c13\"><br \/>\n<div class=\"h-section-grid-container h-section-boxed-container\">\n<div class=\"h-row-container gutters-row-lg-2 gutters-row-md-2 gutters-row-0 gutters-row-v-lg-2 gutters-row-v-md-2 gutters-row-v-2 style-355 style-local-84-c14 position-relative\" data-colibri-id=\"84-c14\">\n<div class=\"h-row justify-content-lg-center justify-content-md-center justify-content-center align-items-lg-stretch align-items-md-stretch align-items-stretch gutters-col-lg-2 gutters-col-md-2 gutters-col-0 gutters-col-v-lg-2 gutters-col-v-md-2 gutters-col-v-2\">\n<div class=\"h-column h-column-container d-flex h-col-lg-auto h-col-md-auto h-col-auto style-356-outer style-local-84-c15-outer\">\n<div class=\"d-flex h-flex-basis h-column__inner h-px-lg-2 h-px-md-2 h-px-2 v-inner-lg-2 v-inner-md-2 v-inner-2 style-356 style-local-84-c15 position-relative\" data-colibri-id=\"84-c15\"><br \/>\n<div class=\"w-100 h-y-container h-column__content h-column__v-align flex-basis-100 align-self-lg-start align-self-md-start align-self-start\">\n<div class=\"h-text h-text-component style-357 style-local-84-c16 position-relative h-element\" data-colibri-id=\"84-c16\"><br \/>\n<div class=\"\">\n<h2>Herausgeber<\/h2>\n<h3>SimplyImmo.de<\/h3>\n<ul>\n<li>Dr. Rahn Solutions<\/li>\n<li>Dr. Karl-Heinz Rahn<\/li>\n<li>Freimarkt 4a<\/li>\n<li>06268 Querfurt<\/li>\n<li>Telefon: +49 3641 \/ 51 666 54<\/li>\n<li>E-mail : Bitte nutzen Sie das Kontaktformular.<\/li>\n<\/ul>\n<h2>Datenschutzbeauftragter<\/h2>\n<ul>\n<li>Dr. Karl-Heinz Rahn<\/li>\n<li>Telefon: +49 3641 \/ 51 666 54<\/li>\n<li>E-mail : Bitte nutzen Sie das Kontaktformular.<\/li>\n<\/ul>\n<p><a class=\"customize-unpreviewable\" style=\"font-family: 'Open Sans'; font-weight: 400; font-size: 1em; color: #03a9f4;\" href=\"https:\/\/simplyimmo.de\/datenschutzerklaerung\">Datenschutzvereinbarung<\/a><\/p>\n<p><a class=\"customize-unpreviewable\" style=\"font-family: &#039;Open Sans&#039;; font-weight: 400; font-size: 1em; color: #03a9f4;\" href=\"http:\/\/ec.europa.eu\/consumers\/odr\" target=\"_blank\" rel=\"nofollow noopener\">Die Europ\u00e4ische Kommission hat eine Plattform zur Online-Streitbeilegung bereitgestellt.<\/a>\u00a0Wir nehmen im Falle eines nicht kl\u00e4rbaren Twists im Privatkundengesch\u00e4ft gern an einem Schlichtungsverfahren dieser Stelle teil.<\/p>\n<p>\u00a0<\/p>\n<\/div>\n<\/div>\n<\/div>\n<\/div>\n<\/div>\n<\/div>\n<\/div>\n<div class=\"h-row-container gutters-row-lg-2 gutters-row-md-2 gutters-row-0 gutters-row-v-lg-2 gutters-row-v-md-2 gutters-row-v-2 style-352 style-local-84-c17 position-relative\" data-colibri-id=\"84-c17\">\n<div class=\"h-row justify-content-lg-center justify-content-md-center justify-content-center align-items-lg-stretch align-items-md-stretch align-items-stretch gutters-col-lg-2 gutters-col-md-2 gutters-col-0 gutters-col-v-lg-2 gutters-col-v-md-2 gutters-col-v-2\">\n<div class=\"h-column h-column-container d-flex h-col-lg-auto h-col-md-auto h-col-auto style-353-outer style-local-84-c18-outer\">\n<div class=\"d-flex h-flex-basis h-column__inner h-px-lg-2 h-px-md-2 h-px-2 v-inner-lg-2 v-inner-md-2 v-inner-2 style-353 style-local-84-c18 position-relative\" data-colibri-id=\"84-c18\"><br \/>\n<div class=\"w-100 h-y-container h-column__content h-column__v-align flex-basis-100 align-self-lg-start align-self-md-start align-self-start\">\n<div class=\"style-354 style-local-84-c19 position-relative h-element\" data-colibri-id=\"84-c19\">\n<div>\u00a0<\/div>\n<\/div>\n<\/div>\n<\/div>\n<\/div>\n<\/div>\n<\/div>\n<\/div>\n<\/div>\n<\/div>\n\n\n<h2 class=\"wp-block-heading\"><\/h2>\n\n\n<\/div><\/div>\n<\/p><\/div>\n<\/p><\/div>\n<\/p><\/div>\n<\/p><\/div>\n<\/p><\/div>\n<\/p><\/div>\n<\/div>\n<\/div>","protected":false},"excerpt":{"rendered":"<p>\u00a0 \u00a0 \u00a0 \u00a0 Kontakt Schreib uns Dein Anliegen Herausgeber SimplyImmo.de Dr. Rahn Solutions Dr. Karl-Heinz Rahn Freimarkt 4a 06268 Querfurt Telefon: +49 3641 \/ 51 666 54 E-mail : Bitte nutzen Sie das Kontaktformular. Datenschutzbeauftragter Dr. Karl-Heinz Rahn Telefon: +49 3641 \/ 51 666 54 E-mail : Bitte nutzen Sie das Kontaktformular. Datenschutzvereinbarung Die [&hellip;]<\/p>\n","protected":false},"author":1,"featured_media":0,"parent":0,"menu_order":0,"comment_status":"closed","ping_status":"closed","template":"page-templates\/full-width-page.php","meta":{"footnotes":""},"class_list":["post-84","page","type-page","status-publish","hentry"],"post_mailing_queue_ids":[],"_links":{"self":[{"href":"https:\/\/simplyimmo.de\/blog\/wp-json\/wp\/v2\/pages\/84","targetHints":{"allow":["GET"]}}],"collection":[{"href":"https:\/\/simplyimmo.de\/blog\/wp-json\/wp\/v2\/pages"}],"about":[{"href":"https:\/\/simplyimmo.de\/blog\/wp-json\/wp\/v2\/types\/page"}],"author":[{"embeddable":true,"href":"https:\/\/simplyimmo.de\/blog\/wp-json\/wp\/v2\/users\/1"}],"replies":[{"embeddable":true,"href":"https:\/\/simplyimmo.de\/blog\/wp-json\/wp\/v2\/comments?post=84"}],"version-history":[{"count":7,"href":"https:\/\/simplyimmo.de\/blog\/wp-json\/wp\/v2\/pages\/84\/revisions"}],"predecessor-version":[{"id":154,"href":"https:\/\/simplyimmo.de\/blog\/wp-json\/wp\/v2\/pages\/84\/revisions\/154"}],"wp:attachment":[{"href":"https:\/\/simplyimmo.de\/blog\/wp-json\/wp\/v2\/media?parent=84"}],"curies":[{"name":"wp","href":"https:\/\/api.w.org\/{rel}","templated":true}]}}